

{"id":17,"date":"2022-06-30T13:08:51","date_gmt":"2022-06-30T10:08:51","guid":{"rendered":"https:\/\/project-emerald.eu\/?page_id=17"},"modified":"2023-08-22T22:17:47","modified_gmt":"2023-08-22T19:17:47","slug":"home","status":"publish","type":"page","link":"https:\/\/project-emerald.eu\/","title":{"rendered":"Home"},"content":{"rendered":"\n<p>For registering to the EMERALD Multiplier Event organized on 13.09.2023 by the BIZZCOM s.r.o. company from Bucany (Slovakia), please fulfill the <strong><a href=\"https:\/\/docs.google.com\/forms\/d\/e\/1FAIpQLSfYgGWrIm-JyUUS4GH7bLyxrn4MCv6EcUe8jeRkE2jtgoUOAQ\/viewform\" target=\"_blank\" rel=\"noreferrer noopener\">Attending form<\/a><\/strong> not later than <strong>September 11, 2023.<\/strong><\/p>\n\n\n\n<div class=\"wp-block-file\"><a id=\"wp-block-file--media-7362c724-5c2d-4fa0-8a98-d07e37dd5404\" href=\"https:\/\/project-emerald.eu\/wp-content\/uploads\/2023\/08\/EMERALD_Multiplier-Event_agenda_13_09_2023-3.pdf\" target=\"_blank\" rel=\"noreferrer noopener\"><strong>EMERALD Multiplier Event agenda<\/strong><\/a><a href=\"https:\/\/project-emerald.eu\/wp-content\/uploads\/2023\/08\/EMERALD_Multiplier-Event_agenda_13_09_2023-3.pdf\" class=\"wp-block-file__button wp-element-button\" download aria-describedby=\"wp-block-file--media-7362c724-5c2d-4fa0-8a98-d07e37dd5404\">Download<\/a><\/div>\n\n\n<div class=\"wp-block-image\">\n<figure class=\"aligncenter size-full\"><img decoding=\"async\" src=\"https:\/\/project-emerald.eu\/wp-content\/uploads\/2023\/08\/EMERALD-ME-1-1.webp\" alt=\"\" class=\"wp-image-449\"\/><\/figure>\n<\/div>\n\n\n<p>In the frame of the EMERALD 21-COP-0019 project financed by Norwegian funds within the Financial Mechanism of the European Economic Area (EEA), <strong>BIZZCOM s.r.o. company from Bucany (Slovakia),<\/strong> together with the partners of the EMERALD project consortium, will organize on the date of September 13, 2023 the \u201cMultiplier Event on \u201eExperiencing of e-learning platform for bio-mechatronics\u201c.<\/p>\n\n\n\n<p><strong>Registration and participating to this event is \u201efree of charge\u201d,<\/strong> the organized event being mainly addressed to <strong>professors, students, researchers, surgeons and scientists<\/strong> coming from different university institutions belonging to EU or non-EU countries, as well as to <strong>private companies and research and development institutions<\/strong> that are specially interested and are activating in the field of <strong>manufacturing engineering<\/strong> (3D printing, bio-mechatronics and robotics), <strong>IT domain, regional development agencies, clusters, NGOs, or any other public and private institutions<\/strong> which are or could be interested by the latest trends on advanced manufacturing technologies in producing parts (robotic arms, prostheses, etc.) for people with special needs (amputated arms) in the medical sector.<\/p>\n\n\n\n<p><strong>The main aim of the EMERALD Multiplier Event organized at BIZZCOM s.r.o. company in Bucany (Slovakia)<\/strong><\/p>\n\n\n\n<p><strong>The main aim<\/strong> <strong>of this event is to present the main concept of the EMERALD project, as well as the e-learning platform for bio-mechatronics (virtual laboratory platform) that has been conceived by the EMERALD consortium as result of the IO3 intellectual output in the frame of the EMERALD project<\/strong>. All teaching resources, tools and methods that can be found integrated within e-learning platform for bio-mechatronics (virtual laboratory platform) are destined to familiarize the users with the main steps that are necessary to be followed when different types of biomimetic mechatronic systems are needed to be conceived in particular for people with special needs (amputated arms), starting with 3D scanning and continuing with CAD, CAE, Materials\u2019 selection, 3D printing, Sensoring, Assembling and Programming of the realized devices. VR &amp; AR solutions related to this aim can also be found integrated within the realized platform.<\/p>\n\n\n\n<p><strong>The organized event also aims<\/strong> to create the necessary framework for all participants of this important event to share knowledge, examples of good practice, gained experience and expertise that each institution has in the field of designing and manufacturing of biomechatronic systems for people with special needs ( amputated arms) using modern manufacturing methods (such as 3D printing methods), in order to extend the <strong>European Network&nbsp; for 3D Printing of Biomimetic Mechatronic Systems \u2013 EMERALD <\/strong>with new other institutions (stakeholders) that will be coming aboard, this network being aimed to be used as one of the most important tool for building strategic partnerships to commonly join and prepare of important national and international strategic and institutional or research projects that can be further on developed on different common topics of interests in this field in the future.<\/p>\n\n\n\n<p>In order to register to the EMERALD Multiplier Event organized on September 13, 2023 at BIZZCOM s.r.o. company in Bucany (Slovakia), it is enough as one first step to fulfill the Attending form with all the data requested in the form, but not later than <strong>September 11, 2023<\/strong>.<\/p>\n\n\n\n<p><strong>The EMERALD multiplier event organized on September 13, 2023 will be held within the BIZZCOM s.r.o. company in Bucany (Slovakia) premises (address: \u0160\u013eachtite\u013esk\u00e1 591\/2, 919 28 Bu\u010dany, Slovakia).<\/strong><\/p>\n\n\n\n\n\t\t\t\t<div id=\"map_ol3js_1\" class=\"map undefined\" data-map_name=\"undefined\" data-map=\"map_ol3js_1\" style=\"width:95%; max-width:100%; height:450px; display:block; overflow:hidden;border:2px solid grey;\" >\n\t\t\t\t  <div id=\"map_ol3js_1_popup\" class=\"ol-popup\" >\n\t\t\t\t\t<a href=\"#\" id=\"map_ol3js_1_popup-closer\" class=\"ol-popup-closer\"><\/a>\n\t\t\t\t\t<div id=\"map_ol3js_1_popup-content\" ><\/div>\n\t\t\t\t  <\/div>\n\t\t\t\t<\/div>\n\t\t\t\n\n\t\t\t\t<script type=\"text\/javascript\">\n\t\t\t\t\ttranslations['openlayer'] = \"open layer\";\n\t\t\t\t\ttranslations['openlayerAtStartup'] = \"open layer at startup\";\n\t\t\t\t\ttranslations['generateLink'] = \"link to this map with opened layers\";\n\t\t\t\t\ttranslations['shortDescription'] = \"short description\";\n\t\t\t\t\ttranslations['generatedShortCode'] = \"to get a text control link paste this code in your wordpress editor\";\n\t\t\t\t\ttranslations['closeLayer'] = \"close layer\";\n\t\t\t\t\ttranslations['cantGenerateLink'] = \"put this string in the existing map short code to control this map\";\n\t\t\t  <\/script>\n\n\n\t\t\t  <script type=\"text\/javascript\">\n\t\t\t  vectorM['map_ol3js_1'] = [];\n\t        \n        var raster = getTileLayer(\"osm\",\"NoKey\");\t\t\t\n\n\t\t\t  var map_ol3js_1 = new ol.Map({\n\t\t\t\tinteractions: ol.interaction.defaults.defaults({mouseWheelZoom:false}),\n\t\t\t\tlayers: [raster],\n\t\t\t\ttarget: \"map_ol3js_1\",\n\t\t\t\tview: new ol.View({\n\t\t\t\t  center: ol.proj.transform([17.5984,48.3910], \"EPSG:4326\", \"EPSG:3857\"),\n\t\t\t\t  zoom: 12.0\n\t\t\t\t})\n\t\t\t  });\n\t\t\t  addControls2Map(map_ol3js_1,1,1,3,1,5,6,7,1,1);\nosm_addPopupClickhandler(map_ol3js_1,  \"map_ol3js_1\"); \nosm_addMouseHover(map_ol3js_1); <\/script>\n\n\n\n<p><strong>The preliminary agenda<\/strong> of the EMERALD Multiplier Event organized&nbsp; on September 13, 2023 by the BIZZCOM s.r.o. company in Bucany (Slovakia) can be found <strong>here<\/strong>:<\/p>\n\n\n\n<div class=\"wp-block-file\"><a id=\"wp-block-file--media-fd3d7c85-c709-42de-af48-9292f7f71100\" href=\"https:\/\/project-emerald.eu\/wp-content\/uploads\/2023\/08\/EMERALD_Multiplier-Event_agenda_13_09_2023-3.pdf\" target=\"_blank\" rel=\"noreferrer noopener\"><strong>EMERALD Multiplier Event agenda<\/strong><\/a><a href=\"https:\/\/project-emerald.eu\/wp-content\/uploads\/2023\/08\/EMERALD_Multiplier-Event_agenda_13_09_2023-3.pdf\" class=\"wp-block-file__button wp-element-button\" download aria-describedby=\"wp-block-file--media-fd3d7c85-c709-42de-af48-9292f7f71100\">Download<\/a><\/div>\n\n\n\n<p>For further details, concerns or information related to the EMERALD Multiplier Event or related to the EMERALD project aims and actions, please contact us using the <strong><a href=\"https:\/\/project-emerald.eu\/?page_id=25\">contact form<\/a><\/strong>.<\/p>\n\n\n\n<p>Thank you and we look forward to meet you at the EMERALD Multiplier Event organized on the date of September 13, 2023 at BIZZCOM s.r.o. company in Bucany (Slovakia)!<\/p>\n\n\n\n<p>With EMERALD greetings, The organizers of the EMERALD Multiplier Event \u2013 BIZZCOM s.r.o. (Slovakia)!<\/p>\n","protected":false},"excerpt":{"rendered":"<p>For registering to the EMERALD Multiplier Event organized on 13.09.2023 by the BIZZCOM s.r.o. company from Bucany (Slovakia), please fulfill the Attending form not later than September 11, 2023. In &#8230;<\/p>\n","protected":false},"author":2,"featured_media":0,"parent":0,"menu_order":0,"comment_status":"closed","ping_status":"closed","template":"","meta":{"footnotes":""},"class_list":["post-17","page","type-page","status-publish","hentry"],"_links":{"self":[{"href":"https:\/\/project-emerald.eu\/index.php?rest_route=\/wp\/v2\/pages\/17","targetHints":{"allow":["GET"]}}],"collection":[{"href":"https:\/\/project-emerald.eu\/index.php?rest_route=\/wp\/v2\/pages"}],"about":[{"href":"https:\/\/project-emerald.eu\/index.php?rest_route=\/wp\/v2\/types\/page"}],"author":[{"embeddable":true,"href":"https:\/\/project-emerald.eu\/index.php?rest_route=\/wp\/v2\/users\/2"}],"replies":[{"embeddable":true,"href":"https:\/\/project-emerald.eu\/index.php?rest_route=%2Fwp%2Fv2%2Fcomments&post=17"}],"version-history":[{"count":22,"href":"https:\/\/project-emerald.eu\/index.php?rest_route=\/wp\/v2\/pages\/17\/revisions"}],"predecessor-version":[{"id":455,"href":"https:\/\/project-emerald.eu\/index.php?rest_route=\/wp\/v2\/pages\/17\/revisions\/455"}],"wp:attachment":[{"href":"https:\/\/project-emerald.eu\/index.php?rest_route=%2Fwp%2Fv2%2Fmedia&parent=17"}],"curies":[{"name":"wp","href":"https:\/\/api.w.org\/{rel}","templated":true}]}}