{"id":406,"date":"2023-06-12T17:24:24","date_gmt":"2023-06-12T14:24:24","guid":{"rendered":"https:\/\/project-emerald.eu\/?page_id=406"},"modified":"2023-12-04T21:25:42","modified_gmt":"2023-12-04T19:25:42","slug":"platforma-laboratoarelor-virtuale","status":"publish","type":"page","link":"https:\/\/project-emerald.eu\/?page_id=406&lang=ro","title":{"rendered":"Platforma e-learning de laboratoare virtuale EMERALD"},"content":{"rendered":"\n<p>V\u0103 rug\u0103m s\u0103 face\u021bi clic pe elementele indicatoare din diagrama de mai jos pentru a accesa laboratoarele virtuale.<\/p>\n\n\n\n<p>Pentru o mai bun\u0103 \u00een\u021belegere a platformei EMERALD de laboratoare e-learning, care cuprind domeniile de scanare 3D, CAD, CAE, testare \u0219i caracterizare a materialelor, printare 3D, senzorizare, asamblare, programare, AR &amp; VR, este recomandabil s\u0103 accesa\u021bi laboratoarele virtuale urm\u00e2nd succesiv etapele care sunt prezentate \u00een diagrama de mai jos. Urm\u00e2nd aceste etape \u00een ordinea indicat\u0103, acest lucru va duce la o \u00een\u021belegere mai cuprinz\u0103toare a procesului logic de concepere \u0219i dezvoltare de noi sisteme mecatronice biomimetice care pot fi realizate prin tehnologii de printare 3D.<\/p>\n\n\n<style>.imh-6310-point-icons{display: none}<\/style>\r\n<div class=\"imh-6310-annotation-box imh-6310-annotation-box-1\" data-id=\"1\">\r\n   <img decoding=\"async\" src=\"https:\/\/project-emerald.eu\/wp-content\/uploads\/2023\/06\/schema-platforma-EMERALD.jpg\" class=\"imh-6310-main-image imh-6310-img\"  data-imh-cls=\"imh-6310-main-image imh-6310-img\" data-imh-value=\"https:\/\/project-emerald.eu\/wp-content\/uploads\/2023\/06\/schema-platforma-EMERALD.jpg\" alt=\"VirtualLAB\"  \/>\r\n   \r\n              <div data-id='1' data-json='{\"iconType\":1,\"fontAwesomeIcon\":\"fas fa-chevron-down\",\"fontAwesomeHoverIcon\":\"fas fa-arrow-down\",\"fontAwesomeIconColor\":\"rgba(255, 28, 3, 0.99)\",\"fontAwesomeIconHoverColor\":\"rgba(255, 28, 3, 0.99)\",\"fontAwesomIconSize\":\"30\",\"fontAwesomIconSizeInMobile\":\"20\",\"imgOrIconSize\":\"30\",\"imgOrIconSizeInMobile\":\"20\",\"customFirstImg\":\"\",\"customSecondImg\":\"\",\"customText\":\"Hover here\",\"customTextSize\":\"16\",\"customTextColor\":\"rgb(255, 255, 255)\",\"customTextBgColor\":\"rgba(2, 59, 92, 0.99)\",\"blinkTooltip\":\"1\",\"glowColor\":\"rgb(255, 0, 0)\",\"selectedTemplate\":\"01\",\"popupCustomHtml\":\"\",\"popupCustomCss\":\"\",\"popupCustomCodeWidth\":\"\",\"linkText\":\"Click to visit virtual laboratory\",\"linkURL\":\"https:\\\/\\\/my.matterport.com\\\/show\\\/?m=NXHcatKcdW7&sr=-2.95,.1&ss=37\",\"openNewTab\":\"1\",\"openPopup\":\"1\",\"openDesImg\":\"\",\"openDescription\":\"Lorem ipsum dolor sit amet consectetur adipisicing elit. Debitis vero maxime beatae fugiat, aspernatur quia.\",\"openDesFontSize\":\"16\",\"openDesFontColor\":\"rgb(0, 0, 0)\",\"tempCommonFontSize\":\"16\",\"tempCommonFontColor\":\"rgb(18, 0, 0)\",\"tempCommonBgColor\":\"rgb(255, 255, 255)\",\"tem02EmbeddedLink\":\"\",\"customeHtmlCode\":\"\",\"customeCssCode\":\"\",\"customeCodePopup\":\"\",\"customIconLinkType\":\"1\",\"elementType\":\"1\",\"xPos\":\"8.88\",\"yPos\":\"23.59\",\"tWidth\":\"1688.53\",\"iconWidth\":\"26.25\"}' class='imh-6310-drag imh-6310-point-1-1' style='display: none'>\r\n               <div class='imh-6310-point-icons'>\r\n                                            \r\n                <i class='fas fa-chevron-down imh-6310-pin-main-img'><\/i>\r\n                <i class='fas fa-arrow-down imh-6310-pin-hover-img'><\/i>              \r\n              \r\n               <\/div>\r\n            <\/div>  \r\n            \r\n         <div class='imh-6310-hover-content imh-6310-hover-content-1-1'>\r\n            <a href='https:\/\/my.matterport.com\/show\/?m=NXHcatKcdW7&amp;sr=-2.95,.1&amp;ss=37' target='_blank'>\r\n               <div class='imh-6310-template-01-hover-content'>Click to visit virtual laboratory<\/div>\r\n            <\/a>\r\n         <\/div>\r\n         \r\n              <div data-id='2' data-json='{\"iconType\":1,\"fontAwesomeIcon\":\"fas fa-chevron-down\",\"fontAwesomeHoverIcon\":\"fas fa-arrow-down\",\"fontAwesomeIconColor\":\"rgba(255, 28, 3, 0.99)\",\"fontAwesomeIconHoverColor\":\"rgba(255, 28, 3, 0.99)\",\"fontAwesomIconSize\":\"30\",\"fontAwesomIconSizeInMobile\":\"20\",\"imgOrIconSize\":\"30\",\"imgOrIconSizeInMobile\":\"20\",\"customFirstImg\":\"\",\"customSecondImg\":\"\",\"customText\":\"Hover here\",\"customTextSize\":\"16\",\"customTextColor\":\"rgb(255, 255, 255)\",\"customTextBgColor\":\"rgba(2, 59, 92, 0.99)\",\"blinkTooltip\":\"1\",\"glowColor\":\"rgb(255, 0, 0)\",\"selectedTemplate\":\"01\",\"popupCustomHtml\":\"\",\"popupCustomCss\":\"\",\"popupCustomCodeWidth\":\"\",\"linkText\":\"Click to visit virtual laboratory\",\"linkURL\":\"https:\\\/\\\/bizzcom.viewin360.co\\\/share\\\/collection\\\/7J4Qk?logo=0&info=0&fs=1&vr=1&sd=1&initload=0&thumbs=1\",\"openNewTab\":\"1\",\"openPopup\":\"1\",\"openDesImg\":\"\",\"openDescription\":\"Lorem ipsum dolor sit amet consectetur adipisicing elit. Debitis vero maxime beatae fugiat, aspernatur quia.\",\"openDesFontSize\":\"16\",\"openDesFontColor\":\"rgb(0, 0, 0)\",\"tempCommonFontSize\":\"16\",\"tempCommonFontColor\":\"rgb(18, 0, 0)\",\"tempCommonBgColor\":\"rgb(255, 255, 255)\",\"tem02EmbeddedLink\":\"\",\"customeHtmlCode\":\"\",\"customeCssCode\":\"\",\"customeCodePopup\":\"\",\"customIconLinkType\":\"1\",\"elementType\":\"1\",\"xPos\":\"24.63\",\"yPos\":\"23.14\",\"tWidth\":\"1688.53\",\"iconWidth\":\"26.25\"}' class='imh-6310-drag imh-6310-point-1-2' style='display: none'>\r\n               <div class='imh-6310-point-icons'>\r\n                                            \r\n                <i class='fas fa-chevron-down imh-6310-pin-main-img'><\/i>\r\n                <i class='fas fa-arrow-down imh-6310-pin-hover-img'><\/i>              \r\n              \r\n               <\/div>\r\n            <\/div>  \r\n            \r\n         <div class='imh-6310-hover-content imh-6310-hover-content-1-2'>\r\n            <a href='https:\/\/bizzcom.viewin360.co\/share\/collection\/7J4Qk?logo=0&amp;info=0&amp;fs=1&amp;vr=1&amp;sd=1&amp;initload=0&amp;thumbs=1' target='_blank'>\r\n               <div class='imh-6310-template-01-hover-content'>Click to visit virtual laboratory<\/div>\r\n            <\/a>\r\n         <\/div>\r\n         \r\n              <div data-id='3' data-json='{\"iconType\":1,\"fontAwesomeIcon\":\"fas fa-chevron-down\",\"fontAwesomeHoverIcon\":\"fas fa-arrow-down\",\"fontAwesomeIconColor\":\"rgba(255, 28, 3, 0.99)\",\"fontAwesomeIconHoverColor\":\"rgba(255, 28, 3, 0.99)\",\"fontAwesomIconSize\":\"30\",\"fontAwesomIconSizeInMobile\":\"20\",\"imgOrIconSize\":\"30\",\"imgOrIconSizeInMobile\":\"20\",\"customFirstImg\":\"\",\"customSecondImg\":\"\",\"customText\":\"Hover here\",\"customTextSize\":\"16\",\"customTextColor\":\"rgb(255, 255, 255)\",\"customTextBgColor\":\"rgba(2, 59, 92, 0.99)\",\"blinkTooltip\":\"1\",\"glowColor\":\"rgb(255, 0, 0)\",\"selectedTemplate\":\"01\",\"popupCustomHtml\":\"\",\"popupCustomCss\":\"\",\"popupCustomCodeWidth\":\"\",\"linkText\":\"Click to visit virtual laboratory\",\"linkURL\":\"https:\\\/\\\/bizzcom.viewin360.co\\\/share\\\/collection\\\/7JhlB?logo=0&info=0&fs=1&vr=1&sd=1&initload=0&thumbs=1\",\"openNewTab\":\"1\",\"openPopup\":\"1\",\"openDesImg\":\"\",\"openDescription\":\"Lorem ipsum dolor sit amet consectetur adipisicing elit. Debitis vero maxime beatae fugiat, aspernatur quia.\",\"openDesFontSize\":\"16\",\"openDesFontColor\":\"rgb(0, 0, 0)\",\"tempCommonFontSize\":\"16\",\"tempCommonFontColor\":\"rgb(18, 0, 0)\",\"tempCommonBgColor\":\"rgb(255, 255, 255)\",\"tem02EmbeddedLink\":\"\",\"customeHtmlCode\":\"\",\"customeCssCode\":\"\",\"customeCodePopup\":\"\",\"customIconLinkType\":\"1\",\"elementType\":\"1\",\"xPos\":\"40.15\",\"yPos\":\"22.68\",\"tWidth\":\"1688.53\",\"iconWidth\":\"26.25\"}' class='imh-6310-drag imh-6310-point-1-3' style='display: none'>\r\n               <div class='imh-6310-point-icons'>\r\n                                            \r\n                <i class='fas fa-chevron-down imh-6310-pin-main-img'><\/i>\r\n                <i class='fas fa-arrow-down imh-6310-pin-hover-img'><\/i>              \r\n              \r\n               <\/div>\r\n            <\/div>  \r\n            \r\n         <div class='imh-6310-hover-content imh-6310-hover-content-1-3'>\r\n            <a href='https:\/\/bizzcom.viewin360.co\/share\/collection\/7JhlB?logo=0&amp;info=0&amp;fs=1&amp;vr=1&amp;sd=1&amp;initload=0&amp;thumbs=1' target='_blank'>\r\n               <div class='imh-6310-template-01-hover-content'>Click to visit virtual laboratory<\/div>\r\n            <\/a>\r\n         <\/div>\r\n         \r\n              <div data-id='4' data-json='{\"iconType\":1,\"fontAwesomeIcon\":\"fas fa-chevron-down\",\"fontAwesomeHoverIcon\":\"fas fa-arrow-down\",\"fontAwesomeIconColor\":\"rgba(255, 28, 3, 0.99)\",\"fontAwesomeIconHoverColor\":\"rgba(255, 28, 3, 0.99)\",\"fontAwesomIconSize\":\"30\",\"fontAwesomIconSizeInMobile\":\"20\",\"imgOrIconSize\":\"30\",\"imgOrIconSizeInMobile\":\"20\",\"customFirstImg\":\"\",\"customSecondImg\":\"\",\"customText\":\"Hover here\",\"customTextSize\":\"16\",\"customTextColor\":\"rgb(255, 255, 255)\",\"customTextBgColor\":\"rgba(2, 59, 92, 0.99)\",\"blinkTooltip\":\"1\",\"glowColor\":\"rgb(255, 0, 0)\",\"selectedTemplate\":\"01\",\"popupCustomHtml\":\"\",\"popupCustomCss\":\"\",\"popupCustomCodeWidth\":\"\",\"linkText\":\"Click to visit virtual laboratory\",\"linkURL\":\"https:\\\/\\\/my.matterport.com\\\/show\\\/?m=NXHcatKcdW7&sr=-2.95,.1&ss=37\",\"openNewTab\":\"1\",\"openPopup\":\"1\",\"openDesImg\":\"\",\"openDescription\":\"Lorem ipsum dolor sit amet consectetur adipisicing elit. Debitis vero maxime beatae fugiat, aspernatur quia.\",\"openDesFontSize\":\"16\",\"openDesFontColor\":\"rgb(0, 0, 0)\",\"tempCommonFontSize\":\"16\",\"tempCommonFontColor\":\"rgb(18, 0, 0)\",\"tempCommonBgColor\":\"rgb(255, 255, 255)\",\"tem02EmbeddedLink\":\"\",\"customeHtmlCode\":\"\",\"customeCssCode\":\"\",\"customeCodePopup\":\"\",\"customIconLinkType\":\"1\",\"elementType\":\"1\",\"xPos\":\"56.09\",\"yPos\":\"22.91\",\"tWidth\":\"1688.53\",\"iconWidth\":\"26.25\"}' class='imh-6310-drag imh-6310-point-1-4' style='display: none'>\r\n               <div class='imh-6310-point-icons'>\r\n                                            \r\n                <i class='fas fa-chevron-down imh-6310-pin-main-img'><\/i>\r\n                <i class='fas fa-arrow-down imh-6310-pin-hover-img'><\/i>              \r\n              \r\n               <\/div>\r\n            <\/div>  \r\n            \r\n         <div class='imh-6310-hover-content imh-6310-hover-content-1-4'>\r\n            <a href='https:\/\/my.matterport.com\/show\/?m=NXHcatKcdW7&amp;sr=-2.95,.1&amp;ss=37' target='_blank'>\r\n               <div class='imh-6310-template-01-hover-content'>Click to visit virtual laboratory<\/div>\r\n            <\/a>\r\n         <\/div>\r\n         \r\n              <div data-id='5' data-json='{\"iconType\":1,\"fontAwesomeIcon\":\"fas fa-chevron-down\",\"fontAwesomeHoverIcon\":\"fas fa-arrow-down\",\"fontAwesomeIconColor\":\"rgba(255, 28, 3, 0.99)\",\"fontAwesomeIconHoverColor\":\"rgba(255, 28, 3, 0.99)\",\"fontAwesomIconSize\":\"30\",\"fontAwesomIconSizeInMobile\":\"20\",\"imgOrIconSize\":\"30\",\"imgOrIconSizeInMobile\":\"20\",\"customFirstImg\":\"\",\"customSecondImg\":\"\",\"customText\":\"Hover here\",\"customTextSize\":\"16\",\"customTextColor\":\"rgb(255, 255, 255)\",\"customTextBgColor\":\"rgba(2, 59, 92, 0.99)\",\"blinkTooltip\":\"1\",\"glowColor\":\"rgb(255, 0, 0)\",\"selectedTemplate\":\"01\",\"popupCustomHtml\":\"\",\"popupCustomCss\":\"\",\"popupCustomCodeWidth\":\"\",\"linkText\":\"Click to visit virtual laboratory\",\"linkURL\":\"https:\\\/\\\/bizzcom.viewin360.co\\\/share\\\/collection\\\/7J4Z9?logo=0&info=0&fs=1&vr=1&sd=1&initload=0&thumbs=1\",\"openNewTab\":\"1\",\"openPopup\":\"1\",\"openDesImg\":\"\",\"openDescription\":\"Lorem ipsum dolor sit amet consectetur adipisicing elit. Debitis vero maxime beatae fugiat, aspernatur quia.\",\"openDesFontSize\":\"16\",\"openDesFontColor\":\"rgb(0, 0, 0)\",\"tempCommonFontSize\":\"16\",\"tempCommonFontColor\":\"rgb(18, 0, 0)\",\"tempCommonBgColor\":\"rgb(255, 255, 255)\",\"tem02EmbeddedLink\":\"\",\"customeHtmlCode\":\"\",\"customeCssCode\":\"\",\"customeCodePopup\":\"\",\"customIconLinkType\":\"1\",\"elementType\":\"1\",\"xPos\":\"72.37\",\"yPos\":\"22.68\",\"tWidth\":\"1688.53\",\"iconWidth\":\"26.25\"}' class='imh-6310-drag imh-6310-point-1-5' style='display: none'>\r\n               <div class='imh-6310-point-icons'>\r\n                                            \r\n                <i class='fas fa-chevron-down imh-6310-pin-main-img'><\/i>\r\n                <i class='fas fa-arrow-down imh-6310-pin-hover-img'><\/i>              \r\n              \r\n               <\/div>\r\n            <\/div>  \r\n            \r\n         <div class='imh-6310-hover-content imh-6310-hover-content-1-5'>\r\n            <a href='https:\/\/bizzcom.viewin360.co\/share\/collection\/7J4Z9?logo=0&amp;info=0&amp;fs=1&amp;vr=1&amp;sd=1&amp;initload=0&amp;thumbs=1' target='_blank'>\r\n               <div class='imh-6310-template-01-hover-content'>Click to visit virtual laboratory<\/div>\r\n            <\/a>\r\n         <\/div>\r\n         \r\n              <div data-id='6' data-json='{\"iconType\":1,\"fontAwesomeIcon\":\"fas fa-chevron-down\",\"fontAwesomeHoverIcon\":\"fas fa-arrow-down\",\"fontAwesomeIconColor\":\"rgba(255, 28, 3, 0.99)\",\"fontAwesomeIconHoverColor\":\"rgba(255, 28, 3, 0.99)\",\"fontAwesomIconSize\":\"30\",\"fontAwesomIconSizeInMobile\":\"20\",\"imgOrIconSize\":\"30\",\"imgOrIconSizeInMobile\":\"20\",\"customFirstImg\":\"\",\"customSecondImg\":\"\",\"customText\":\"Hover here\",\"customTextSize\":\"16\",\"customTextColor\":\"rgb(255, 255, 255)\",\"customTextBgColor\":\"rgba(2, 59, 92, 0.99)\",\"blinkTooltip\":\"1\",\"glowColor\":\"rgb(255, 0, 0)\",\"selectedTemplate\":\"01\",\"popupCustomHtml\":\"\",\"popupCustomCss\":\"\",\"popupCustomCodeWidth\":\"\",\"linkText\":\"Click to visit virtual laboratory\",\"linkURL\":\"https:\\\/\\\/bizzcom.viewin360.co\\\/share\\\/collection\\\/7J4Qv?logo=0&info=0&fs=1&vr=1&sd=1&initload=0&thumbs=1\",\"openNewTab\":\"1\",\"openPopup\":\"1\",\"openDesImg\":\"\",\"openDescription\":\"Lorem ipsum dolor sit amet consectetur adipisicing elit. Debitis vero maxime beatae fugiat, aspernatur quia.\",\"openDesFontSize\":\"16\",\"openDesFontColor\":\"rgb(0, 0, 0)\",\"tempCommonFontSize\":\"16\",\"tempCommonFontColor\":\"rgb(18, 0, 0)\",\"tempCommonBgColor\":\"rgb(255, 255, 255)\",\"tem02EmbeddedLink\":\"\",\"customeHtmlCode\":\"\",\"customeCssCode\":\"\",\"customeCodePopup\":\"\",\"customIconLinkType\":\"1\",\"elementType\":\"1\",\"xPos\":\"89.19\",\"yPos\":\"23.14\",\"tWidth\":\"1688.53\",\"iconWidth\":\"26.25\"}' class='imh-6310-drag imh-6310-point-1-6' style='display: none'>\r\n               <div class='imh-6310-point-icons'>\r\n                                            \r\n                <i class='fas fa-chevron-down imh-6310-pin-main-img'><\/i>\r\n                <i class='fas fa-arrow-down imh-6310-pin-hover-img'><\/i>              \r\n              \r\n               <\/div>\r\n            <\/div>  \r\n            \r\n         <div class='imh-6310-hover-content imh-6310-hover-content-1-6'>\r\n            <a href='https:\/\/bizzcom.viewin360.co\/share\/collection\/7J4Qv?logo=0&amp;info=0&amp;fs=1&amp;vr=1&amp;sd=1&amp;initload=0&amp;thumbs=1' target='_blank'>\r\n               <div class='imh-6310-template-01-hover-content'>Click to visit virtual laboratory<\/div>\r\n            <\/a>\r\n         <\/div>\r\n         <\/div>\r\n\r\n\n\n\n\n<p><a href=\"https:\/\/project-emerald.eu\/wp-content\/uploads\/2023\/12\/IO3_e_learning_virtual_plaform_ok_compressed.pdf\" target=\"_blank\" rel=\"noreferrer noopener\">Descrierea platformei e-learning de laboratoare virtuale<\/a><\/p>\n","protected":false},"excerpt":{"rendered":"<p>V\u0103 rug\u0103m s\u0103 face\u021bi clic pe elementele indicatoare din diagrama de mai jos pentru a accesa laboratoarele virtuale. Pentru o mai bun\u0103 \u00een\u021belegere a platformei EMERALD de laboratoare e-learning, care &#8230;<\/p>\n","protected":false},"author":3,"featured_media":0,"parent":0,"menu_order":0,"comment_status":"closed","ping_status":"closed","template":"","meta":{"footnotes":""},"class_list":["post-406","page","type-page","status-publish","hentry"],"_links":{"self":[{"href":"https:\/\/project-emerald.eu\/index.php?rest_route=\/wp\/v2\/pages\/406","targetHints":{"allow":["GET"]}}],"collection":[{"href":"https:\/\/project-emerald.eu\/index.php?rest_route=\/wp\/v2\/pages"}],"about":[{"href":"https:\/\/project-emerald.eu\/index.php?rest_route=\/wp\/v2\/types\/page"}],"author":[{"embeddable":true,"href":"https:\/\/project-emerald.eu\/index.php?rest_route=\/wp\/v2\/users\/3"}],"replies":[{"embeddable":true,"href":"https:\/\/project-emerald.eu\/index.php?rest_route=%2Fwp%2Fv2%2Fcomments&post=406"}],"version-history":[{"count":8,"href":"https:\/\/project-emerald.eu\/index.php?rest_route=\/wp\/v2\/pages\/406\/revisions"}],"predecessor-version":[{"id":755,"href":"https:\/\/project-emerald.eu\/index.php?rest_route=\/wp\/v2\/pages\/406\/revisions\/755"}],"wp:attachment":[{"href":"https:\/\/project-emerald.eu\/index.php?rest_route=%2Fwp%2Fv2%2Fmedia&parent=406"}],"curies":[{"name":"wp","href":"https:\/\/api.w.org\/{rel}","templated":true}]}}