

{"id":43,"date":"2022-06-30T13:08:51","date_gmt":"2022-06-30T10:08:51","guid":{"rendered":"https:\/\/project-emerald.eu\/?page_id=43"},"modified":"2023-08-22T22:17:11","modified_gmt":"2023-08-22T19:17:11","slug":"acasa","status":"publish","type":"page","link":"https:\/\/project-emerald.eu\/?page_id=43&lang=ro","title":{"rendered":"Acas\u0103"},"content":{"rendered":"\n<p>Pentru \u00eenscrierea \u00een vederea particip\u0103rii la Evenimentul de multiplicare EMERALD organizat \u00een data de 13.09.2023 la compania BIZZCOM s.r.o. in Bucany (Slovacia) v\u0103 rug\u0103m s\u0103 completa\u021bi <strong><a rel=\"noreferrer noopener\" href=\"https:\/\/docs.google.com\/forms\/d\/e\/1FAIpQLSfYgGWrIm-JyUUS4GH7bLyxrn4MCv6EcUe8jeRkE2jtgoUOAQ\/viewform\" target=\"_blank\">formularul de participare<\/a> <\/strong>cu toate datele solicitate \u00een formular nu mai t\u00e2rziu de <strong>11 Septembrie 2023<\/strong>!<\/p>\n\n\n\n<div class=\"wp-block-file\"><a id=\"wp-block-file--media-7362c724-5c2d-4fa0-8a98-d07e37dd5404\" href=\"https:\/\/project-emerald.eu\/wp-content\/uploads\/2023\/08\/EMERALD_Multiplier-Event_agenda_13_09_2023-3.pdf\" target=\"_blank\" rel=\"noreferrer noopener\"><strong>Agenda preliminar\u0103 a Evenimentului de Multiplicare<\/strong><\/a><a href=\"https:\/\/project-emerald.eu\/wp-content\/uploads\/2023\/08\/EMERALD_Multiplier-Event_agenda_13_09_2023-3.pdf\" class=\"wp-block-file__button wp-element-button\" download aria-describedby=\"wp-block-file--media-7362c724-5c2d-4fa0-8a98-d07e37dd5404\">Download<\/a><\/div>\n\n\n<div class=\"wp-block-image\">\n<figure class=\"aligncenter size-full\"><img decoding=\"async\" src=\"https:\/\/project-emerald.eu\/wp-content\/uploads\/2023\/08\/EMERALD-ME-1-1.webp\" alt=\"\" class=\"wp-image-449\"\/><\/figure>\n<\/div>\n\n\n<p>\u00cen cadrul proiectului&nbsp; EMERALD 21-COP-0019 finan\u0163at din fonduri norvegiene \u00een cadrul Mecanismului Financiar al Spa\u0163iului Economic European (SEE), compania<strong> BIZZCOM s.r.o. din localitatea Bucany (Slovacia),<\/strong> al\u0103turi de partenerii consor\u0163iului proiectului EMERALD va organiza \u00een data de <strong>13 Septembrie 2023<\/strong> Evenimentul de Multiplicare privind<strong> \u201eExperimentarea platformei de e-learning pentru domeniul bio-mecatronic\u201c.<\/strong><\/p>\n\n\n\n<p><strong>\u00cenregistrarea \u015fi participarea la acest eveniment sunt realizate \u00een regim \u201egratuit\u201d<\/strong>, evenimentul fiind adresat cu prec\u0103dere <strong>profesorilor, studen\u021bilor, cercet\u0103torilor, medicilor \u0219i oamenilor de \u0219tiin\u021b\u0103<\/strong> care provin din institu\u0163ii universitare din UE \u0219i \u021b\u0103ri non-UE, precum \u015fi <strong>companiilor private \u0219i institu\u0163iilor de cercetare \u0219i dezvoltare<\/strong> care activeaz\u0103 \u00een domeniul <strong>ingineriei fabrica\u0163iei<\/strong> (print\u0103rii 3D, bio-mecatronic\u0103 \u015fi robotic\u0103), <strong>domeniul IT, agen\u0163iilor de dezvoltare regional\u0103, clustere, ONG-uri, respectiv orice alte institu\u0163ii publice \u015fi private<\/strong> ce sunt interesate \u00een particular de domeniul tehnologiilor avansate de fabrica\u0163ie ce pot fi utilizate cu succes privind producerea de piese (bra\u0163e robotizate, proteze etc.) pentru persoane cu nevoi speciale (bra\u0163e amputate) \u00een sectorul medical.<\/p>\n\n\n\n<p><strong>Scopul principal al Evenimentului de multiplicare EMERALD organizat la compania BIZZCOM s.r.o. din localitatea Bucany (Slovacia)<\/strong><\/p>\n\n\n\n<p><strong>Scopul principal al acestui eveniment<\/strong> <strong>este de a prezenta conceptul principal al proiectului EMERALD, precum \u0219i platforma de e-learning pentru domeniul bio-mecatronic (platforma de laborator virtual\u0103) care a fost conceput\u0103 de consor\u021biul proiectului EMERALD ca rezultat privind produsul intelectual IO3 \u00een cadrul proiectului EMERALD.<\/strong> Toate resursele didactice, aplica\u0163iile \u0219i metodele care pot fi reg\u0103site integrate \u00een platforma de e-learning care a fost dezvoltat\u0103 pentru domeniul bio-mecatronic (platforma de laborator virtual\u0103) sunt destinate familiariz\u0103rii utilizatorilor cu etapele principale care trebuie urmate atunci c\u00e2nd sunt necesare a fi dezvoltate diferite tipuri de sisteme mecatronice biomimetice, aceste sisteme fiind concepute \u00een mod particularizat pentru persoanele cu nevoi speciale (bra\u021be amputate), \u00eencep\u00e2nd cu scanarea 3D \u0219i continu\u00e2nd cu etapele de proiectare asistat\u0103 de calculator (CAD), analiza cu elemente finite (CAE), selec\u021bia materialelor necesare, imprimarea 3D a acestor componente, partea de senzoric\u0103, asamblare \u0219i programare a dispozitivelor realizate, etc. Solu\u021biile VR &amp; AR legate de acest domeniu pot fi de asemenea g\u0103site a\u015fa cum au fost acestea integrate \u00een cadrul platformei de e-learning realizate de partenerii proiectului EMERALD ca rezultat privind produsul intelectual IO3.<\/p>\n\n\n\n<p><strong>Evenimentul organizat urm\u0103re\u0219te<\/strong>, de asemenea s\u0103 creeze cadrul necesar pentru to\u021bi participan\u021bii&nbsp; la acest eveniment important pentru a \u00eemp\u0103rt\u0103\u015fi cuno\u015ftin\u0163ele, exemplele de bun\u0103 practic\u0103, experien\u0163a acumulat\u0103 \u015fi expertiza pe care fiecare institu\u0163ie o are \u00een domeniul conceperii \u015fi fabric\u0103rii sistemelor biomecatronice pentru persoanele cu nevoi speciale (bra\u021be amputate) folosind metode moderne de fabrica\u021bie (metode de printare 3D)\u00een scopul extinderii <strong>Re\u021belei Europeane de printare 3D a sistemelor biomimetice mecatronice EMERALD<\/strong> cu noi alte institu\u021bii interesate de acest domeniu, care se vor al\u0103tura acestei re\u0163ele, aceast\u0103 re\u0163ea urm\u00e2nd a fi utilizat\u0103 ulterior ca baz\u0103 \u00een vederea dezvolt\u0103rii unor parteneriate strategice pentru preg\u0103tirea \u015fi dezvoltarea unor proiecte na\u0163ionale \u015fi interna\u0163ionale de cercetare \u015fi institu\u0163ionale strategice \u00een direc\u0163ia unor teme de interes comune \u00een acest domeniu \u00een viitor.<\/p>\n\n\n\n<p>Pentru <strong>\u00eenscrierea<\/strong> \u00een vederea particip\u0103rii la Evenimentul de multiplicare EMERALD organizat \u00een data de 13 Septembrie 2023 la compania BIZZCOM s.r.o. din localitatea Bucany (Slovacia), ste necesar \u015fi suficient s\u0103 se completeze <strong>formularul de participare <\/strong>cu toate informa\u0163iile solicitate \u00een formular, p\u00e2n\u00e2 la data de 11 Septembrie 2023.<strong>Evenimentul de multiplicare organizat \u00een date de 13 septembrie 2023 va avea loc la sediul companiei BIZZCOM s.r.o. din localitatea Bucany (Slovacia) (adresa: \u0160\u013eachtite\u013esk\u00e1 591\/2, 919 28 Bu\u010dany, Slovacia).<\/strong><\/p>\n\n\n\n\n\t\t\t\t<div id=\"map_ol3js_1\" class=\"map undefined\" data-map_name=\"undefined\" data-map=\"map_ol3js_1\" style=\"width:95%; max-width:100%; height:450px; display:block; overflow:hidden;border:2px solid grey;\" >\n\t\t\t\t  <div id=\"map_ol3js_1_popup\" class=\"ol-popup\" >\n\t\t\t\t\t<a href=\"#\" id=\"map_ol3js_1_popup-closer\" class=\"ol-popup-closer\"><\/a>\n\t\t\t\t\t<div id=\"map_ol3js_1_popup-content\" ><\/div>\n\t\t\t\t  <\/div>\n\t\t\t\t<\/div>\n\t\t\t\n\n\t\t\t\t<script type=\"text\/javascript\">\n\t\t\t\t\ttranslations['openlayer'] = \"open layer\";\n\t\t\t\t\ttranslations['openlayerAtStartup'] = \"open layer at startup\";\n\t\t\t\t\ttranslations['generateLink'] = \"link to this map with opened layers\";\n\t\t\t\t\ttranslations['shortDescription'] = \"short description\";\n\t\t\t\t\ttranslations['generatedShortCode'] = \"to get a text control link paste this code in your wordpress editor\";\n\t\t\t\t\ttranslations['closeLayer'] = \"close layer\";\n\t\t\t\t\ttranslations['cantGenerateLink'] = \"put this string in the existing map short code to control this map\";\n\t\t\t  <\/script>\n\n\n\t\t\t  <script type=\"text\/javascript\">\n\t\t\t  vectorM['map_ol3js_1'] = [];\n\t        \n        var raster = getTileLayer(\"osm\",\"NoKey\");\t\t\t\n\n\t\t\t  var map_ol3js_1 = new ol.Map({\n\t\t\t\tinteractions: ol.interaction.defaults.defaults({mouseWheelZoom:false}),\n\t\t\t\tlayers: [raster],\n\t\t\t\ttarget: \"map_ol3js_1\",\n\t\t\t\tview: new ol.View({\n\t\t\t\t  center: ol.proj.transform([17.5984,48.3910], \"EPSG:4326\", \"EPSG:3857\"),\n\t\t\t\t  zoom: 12.0\n\t\t\t\t})\n\t\t\t  });\n\t\t\t  addControls2Map(map_ol3js_1,1,1,3,1,5,6,7,1,1);\nosm_addPopupClickhandler(map_ol3js_1,  \"map_ol3js_1\"); \nosm_addMouseHover(map_ol3js_1); <\/script>\n\n\n\n<p><strong>Agenda preliminar\u0103 a evenimentului de multiplicare EMERALD<\/strong> organizat \u00een data de 13 septembrie 2023 de c\u0103tre BIZZCOM s.r.o. firma din Bucany (Slovacia) poate fi g\u0103sit\u0103 <strong>aici:<\/strong><\/p>\n\n\n\n<div class=\"wp-block-file\"><a id=\"wp-block-file--media-fd3d7c85-c709-42de-af48-9292f7f71100\" href=\"https:\/\/project-emerald.eu\/wp-content\/uploads\/2023\/08\/EMERALD_Multiplier-Event_agenda_13_09_2023-3.pdf\" target=\"_blank\" rel=\"noreferrer noopener\"><strong><strong>Agenda preliminar\u0103 a Evenimentului de Multiplicare<\/strong><\/strong><\/a><a href=\"https:\/\/project-emerald.eu\/wp-content\/uploads\/2023\/08\/EMERALD_Multiplier-Event_agenda_13_09_2023-3.pdf\" class=\"wp-block-file__button wp-element-button\" download aria-describedby=\"wp-block-file--media-fd3d7c85-c709-42de-af48-9292f7f71100\">Download<\/a><\/div>\n\n\n\n<p>Pentru <strong>detalii suplimentare<\/strong>, nel\u0103muriri sau informa\u021bii legate de Evenimentul de multiplicare EMERALD sau obiectivele \u0219i ac\u021biunile proiectului EMERALD, v\u0103 rug\u0103m s\u0103 ne contacta\u021bi folosind <strong><a href=\"https:\/\/project-emerald.eu\/?page_id=40&amp;lang=ro\">formularul de contact<\/a><\/strong>.<\/p>\n\n\n\n<p>V\u0103 mul\u021bumim \u0219i v\u0103 a\u0219tept\u0103m cu drag la Evenimentul de multiplicare EMERALD \u00een data de 13 Septembrie 2023 la compania BIZZCOM s.r.o. din localitatea Bucany (Slovacia)!<\/p>\n\n\n\n<p>Cu deosebit\u0103 considera\u0163ie, Organizatorii&nbsp; Evenimentului de multiplicare EMERALD \u2013 BIZZCOM s.r.o. (Slovacia)!<\/p>\n","protected":false},"excerpt":{"rendered":"<p>Pentru \u00eenscrierea \u00een vederea particip\u0103rii la Evenimentul de multiplicare EMERALD organizat \u00een data de 13.09.2023 la compania BIZZCOM s.r.o. in Bucany (Slovacia) v\u0103 rug\u0103m s\u0103 completa\u021bi formularul de participare cu &#8230;<\/p>\n","protected":false},"author":2,"featured_media":0,"parent":0,"menu_order":0,"comment_status":"closed","ping_status":"closed","template":"","meta":{"footnotes":""},"class_list":["post-43","page","type-page","status-publish","hentry"],"_links":{"self":[{"href":"https:\/\/project-emerald.eu\/index.php?rest_route=\/wp\/v2\/pages\/43","targetHints":{"allow":["GET"]}}],"collection":[{"href":"https:\/\/project-emerald.eu\/index.php?rest_route=\/wp\/v2\/pages"}],"about":[{"href":"https:\/\/project-emerald.eu\/index.php?rest_route=\/wp\/v2\/types\/page"}],"author":[{"embeddable":true,"href":"https:\/\/project-emerald.eu\/index.php?rest_route=\/wp\/v2\/users\/2"}],"replies":[{"embeddable":true,"href":"https:\/\/project-emerald.eu\/index.php?rest_route=%2Fwp%2Fv2%2Fcomments&post=43"}],"version-history":[{"count":23,"href":"https:\/\/project-emerald.eu\/index.php?rest_route=\/wp\/v2\/pages\/43\/revisions"}],"predecessor-version":[{"id":454,"href":"https:\/\/project-emerald.eu\/index.php?rest_route=\/wp\/v2\/pages\/43\/revisions\/454"}],"wp:attachment":[{"href":"https:\/\/project-emerald.eu\/index.php?rest_route=%2Fwp%2Fv2%2Fmedia&parent=43"}],"curies":[{"name":"wp","href":"https:\/\/api.w.org\/{rel}","templated":true}]}}