{"id":45,"date":"2022-06-30T13:24:07","date_gmt":"2022-06-30T10:24:07","guid":{"rendered":"https:\/\/project-emerald.eu\/?page_id=45"},"modified":"2022-06-30T14:07:48","modified_gmt":"2022-06-30T11:07:48","slug":"descrierea-proiectului","status":"publish","type":"page","link":"https:\/\/project-emerald.eu\/?page_id=45&lang=ro","title":{"rendered":"Descrierea proiectului"},"content":{"rendered":"<div class=\"wp-block-image\">\n<figure class=\"aligncenter size-full\"><img loading=\"lazy\" decoding=\"async\" width=\"625\" height=\"277\" src=\"https:\/\/project-emerald.eu\/wp-content\/uploads\/2022\/06\/partners-1.png\" alt=\"\" class=\"wp-image-46\" srcset=\"https:\/\/project-emerald.eu\/wp-content\/uploads\/2022\/06\/partners-1.png 625w, https:\/\/project-emerald.eu\/wp-content\/uploads\/2022\/06\/partners-1-300x133.png 300w\" sizes=\"auto, (max-width: 625px) 100vw, 625px\" \/><\/figure>\n<\/div>\n\n\n<p><strong>Ac\u021biunea cheie: Proiecte de cooperare 2021 \u00een Zona \u00cenv\u0103\u021b\u0103m\u00e2ntului Superior (2021 Cooperation Projects in Higher Education Area)<\/strong><\/p>\n\n\n\n<p><strong>Tip de ac\u021biune:<\/strong><\/p>\n\n\n\n<p><strong>Data \u00eenceperii: 15.02.2022<\/strong><\/p>\n\n\n\n<p><strong>Data de \u00eencheiere: 30.09.2023<\/strong><\/p>\n\n\n\n<p><strong>Durata totala: 19,5 luni<\/strong><\/p>\n\n\n\n<p>Sporirea excelen\u021bei \u0219tiin\u021bifice \u00een predare \u00een domeniul conceperii \u0219i realiz\u0103rii de noi tipuri de sisteme mecatronice biomimetice pentru persoanele cu nevoi speciale \u2013 Referin\u021ba proiectului EMERALD: 21-COP-0019 face parte din Programul Educa\u021bie, Burse, Ucenicie \u0219i Antreprenoriat pentru Tineret \u2013 SEE Granturi 2014-2021 care au fost finan\u021bate \u00een cadrul ac\u021biunii-cheie \u201eProiecte de cooperare 2021 \u00een Zona \u00cenv\u0103\u021b\u0103m\u00e2ntului Superior\u201d,<\/p>\n\n\n\n<p>Universitatea Tehnic\u0103 din Cluj-Napoca este coordonatorul principal al proiectului EMERALD, iar consor\u021biul este format din universit\u0103\u021bi tehnice \u0219i IMM-uri partenere care provin din Norvegia, Rom\u00e2nia, Polonia \u0219i Slovacia.<\/p>\n\n\n\n<p><strong>Obiectivul principal<\/strong> al proiectului EMERALD const\u0103 \u00een furnizarea de resurse \u0219i metode didactice pentru profesorii \u0219i studen\u021bii care provin din institu\u021biile de \u00eenv\u0103\u021b\u0103m\u00e2nt superior \u0219i sunt interesa\u021bi s\u0103 ob\u021bin\u0103 cuno\u0219tin\u021be, abilit\u0103\u021bi \u0219i competen\u021be relevante \u00een domeniul metodelor de imprimare 3D. Prin acest proiect este posibil\u0103 impulsionarea excelen\u021bei \u0219tiin\u021bifice \u00een predarea \u00een domeniul conceperii \u0219i realiz\u0103rii de noi tipuri de sisteme mecatronice biomimetice pentru persoanele cu nevoi speciale.<\/p>\n\n\n\n<p><strong>Principalele resurse care vor fi oferite de consor\u021biul partenerilor EMERALD vor consta \u00een:<\/strong><\/p>\n\n\n\n<ul class=\"wp-block-list\"><li>Dezvoltarea de noi aplica\u021bii \u00een VR \/ AR \/ realitate mixt\u0103 pentru furnizarea de feedback-uri legate de testarea noilor sisteme mecatronice biomimetice concepute<\/li><li>Se vor realiza 8 module de curs pentru a oferi cuno\u0219tin\u021bele necesare materializ\u0103rii sistemelor mecatronice biomimetrice<\/li><li>1 platform\u0103 virtual\u0103 de laborator conceput\u0103 de exper\u021bii consor\u021biului EMERALD, unde studen\u021bii \u0219i profesorii vor avea \u0219ansa de a experimenta utilizarea sistemelor mecatronice biomimetice \u00een modul virtual \u2022 Platform\u0103 e-learning EMERALD; studii de caz vor fi lansate de consor\u021biul EMERALD pentru realizarea de noi tipuri de sisteme mecatronice biomimetice pentru persoanele cu nevoi speciale<\/li><\/ul>\n","protected":false},"excerpt":{"rendered":"<p>Ac\u021biunea cheie: Proiecte de cooperare 2021 \u00een Zona \u00cenv\u0103\u021b\u0103m\u00e2ntului Superior (2021 Cooperation Projects in Higher Education Area) Tip de ac\u021biune: Data \u00eenceperii: 15.02.2022 Data de \u00eencheiere: 30.09.2023 Durata totala: 19,5 &#8230;<\/p>\n","protected":false},"author":2,"featured_media":0,"parent":0,"menu_order":0,"comment_status":"closed","ping_status":"closed","template":"","meta":{"footnotes":""},"class_list":["post-45","page","type-page","status-publish","hentry"],"_links":{"self":[{"href":"https:\/\/project-emerald.eu\/index.php?rest_route=\/wp\/v2\/pages\/45","targetHints":{"allow":["GET"]}}],"collection":[{"href":"https:\/\/project-emerald.eu\/index.php?rest_route=\/wp\/v2\/pages"}],"about":[{"href":"https:\/\/project-emerald.eu\/index.php?rest_route=\/wp\/v2\/types\/page"}],"author":[{"embeddable":true,"href":"https:\/\/project-emerald.eu\/index.php?rest_route=\/wp\/v2\/users\/2"}],"replies":[{"embeddable":true,"href":"https:\/\/project-emerald.eu\/index.php?rest_route=%2Fwp%2Fv2%2Fcomments&post=45"}],"version-history":[{"count":1,"href":"https:\/\/project-emerald.eu\/index.php?rest_route=\/wp\/v2\/pages\/45\/revisions"}],"predecessor-version":[{"id":47,"href":"https:\/\/project-emerald.eu\/index.php?rest_route=\/wp\/v2\/pages\/45\/revisions\/47"}],"wp:attachment":[{"href":"https:\/\/project-emerald.eu\/index.php?rest_route=%2Fwp%2Fv2%2Fmedia&parent=45"}],"curies":[{"name":"wp","href":"https:\/\/api.w.org\/{rel}","templated":true}]}}