{"id":49,"date":"2022-06-30T13:28:16","date_gmt":"2022-06-30T10:28:16","guid":{"rendered":"https:\/\/project-emerald.eu\/?page_id=49"},"modified":"2024-06-01T22:58:25","modified_gmt":"2024-06-01T19:58:25","slug":"pachete-de-lucru","status":"publish","type":"page","link":"https:\/\/project-emerald.eu\/?page_id=49&lang=ro","title":{"rendered":"Produse intelectuale"},"content":{"rendered":"\n<h3 class=\"wp-block-heading\"><strong>Produse intelectuale \u2013 IO1<\/strong><\/h3>\n\n\n\n<figure class=\"wp-block-image size-full\"><img loading=\"lazy\" decoding=\"async\" width=\"1020\" height=\"438\" src=\"https:\/\/project-emerald.eu\/wp-content\/uploads\/2022\/09\/IO1.jpg\" alt=\"\" class=\"wp-image-271\" srcset=\"https:\/\/project-emerald.eu\/wp-content\/uploads\/2022\/09\/IO1.jpg 1020w, https:\/\/project-emerald.eu\/wp-content\/uploads\/2022\/09\/IO1-300x129.jpg 300w, https:\/\/project-emerald.eu\/wp-content\/uploads\/2022\/09\/IO1-768x330.jpg 768w\" sizes=\"auto, (max-width: 1020px) 100vw, 1020px\" \/><\/figure>\n\n\n\n<p>Scopul principal al IO1 este de a oferi curriculumul propus pentru cre\u0219terea aplic\u0103rii rezultatelor cercet\u0103rii \u00een medicina regenerativ\u0103, interfe\u021be om-ma\u0219in\u0103, robotic\u0103 avansat\u0103, noi paradigme \u00een sistemele mecatronice biomimetice etc.<\/p>\n\n\n\n<p>Tip de rezultat: Curs \/ curriculum<\/p>\n\n\n\n<p>Data \u00eenceperii: 15.02.2022<\/p>\n\n\n\n<p>Data de \u00eencheiere: 31.07.2022<\/p>\n\n\n\n<p>Curriculumul cuprinde 8 module:<\/p>\n\n\n\n<p>\u2022 <a rel=\"noreferrer noopener\" href=\"https:\/\/project-emerald.eu\/wp-content\/uploads\/2023\/02\/EMERALD_IO1_module_1_CAD.pdf\" target=\"_blank\">Modulul 1: Proiectare asistat\u0103 de calculator (CAD)<\/a><\/p>\n\n\n\n<p>\u2022 <a href=\"https:\/\/project-emerald.eu\/wp-content\/uploads\/2023\/02\/EMERALD_IO1_module_2_CAE.pdf\" target=\"_blank\" rel=\"noreferrer noopener\">Modulul 2: Inginerie asistat\u0103 de calculator (CAE)<\/a><\/p>\n\n\n\n<p>\u2022 <a href=\"https:\/\/project-emerald.eu\/wp-content\/uploads\/2023\/02\/EMERALD_IO1_module_3_ComputerProgramming.pdf\" target=\"_blank\" rel=\"noreferrer noopener\">Modulul 3: Programare pe calculator<\/a><\/p>\n\n\n\n<p>\u2022 <a href=\"https:\/\/project-emerald.eu\/wp-content\/uploads\/2023\/02\/EMERALD_IO1_module_4_VR.pdf\" target=\"_blank\" rel=\"noreferrer noopener\">Modulul 4: Realitate Virtual\u0103 \/ Realitate Augmentat\u0103<\/a><\/p>\n\n\n\n<p>\u2022<a href=\"https:\/\/project-emerald.eu\/wp-content\/uploads\/2023\/02\/EMERALD_IO1_module_5_Sensors-and-Electronics.pdf\" target=\"_blank\" rel=\"noreferrer noopener\"> Modulul 5: Senzori \u0219i electronice<\/a><\/p>\n\n\n\n<p>\u2022 <a href=\"https:\/\/project-emerald.eu\/wp-content\/uploads\/2023\/03\/EMERALD_IO1_module_6_BioMechatronics_.pdf\" target=\"_blank\" rel=\"noreferrer noopener\">Modulul 6: Bio-Mecatronic\u0103<\/a><\/p>\n\n\n\n<p>\u2022 <a href=\"https:\/\/project-emerald.eu\/wp-content\/uploads\/2023\/03\/EMERALD_IO1_module_7_3D-Printing.pdf\" target=\"_blank\" rel=\"noreferrer noopener\">Modulul 7: Imprimare 3D \u0219i metode Rapid Tooling<\/a><\/p>\n\n\n\n<p>\u2022 <a rel=\"noreferrer noopener\" href=\"https:\/\/project-emerald.eu\/wp-content\/uploads\/2023\/02\/EMERALD_IO1_module_8_Intelligent-Smart-Materials.pdf\" target=\"_blank\">Modulul 8: Materiale inteligente<\/a><\/p>\n\n\n\n<h3 class=\"wp-block-heading\"><strong>Produse intelectuale \u2013 IO2<\/strong><\/h3>\n\n\n\n<figure class=\"wp-block-image size-full\"><img loading=\"lazy\" decoding=\"async\" width=\"971\" height=\"418\" src=\"https:\/\/project-emerald.eu\/wp-content\/uploads\/2023\/06\/IO2-1.png\" alt=\"\" class=\"wp-image-402\" srcset=\"https:\/\/project-emerald.eu\/wp-content\/uploads\/2023\/06\/IO2-1.png 971w, https:\/\/project-emerald.eu\/wp-content\/uploads\/2023\/06\/IO2-1-300x129.png 300w, https:\/\/project-emerald.eu\/wp-content\/uploads\/2023\/06\/IO2-1-768x331.png 768w\" sizes=\"auto, (max-width: 971px) 100vw, 971px\" \/><\/figure>\n\n\n\n<p>Obiectivele principale ale IO2 sunt de a oferi un set de instrumente electronice \u00een scopuri didactice, cuno\u0219tin\u021be de baz\u0103 despre realizarea sistemelor mecatronice biomimetice prin imprimare 3D, s\u0103 ofere ceilal\u021bi pa\u0219i preliminari \u0219i de post-procesare care trebuie urma\u021bi \u00een termenii model\u0103rii CAD precum \u0219i furnizarea temelor proiectelor de diplom\u0103.<\/p>\n\n\n\n<p>Tip de rezultat: Material de \u00eenv\u0103\u021bare\/predare\/formare \u2013 Setul de instrumente<\/p>\n\n\n\n<p>Data \u00eenceperii: 01.08.2022<\/p>\n\n\n\n<p>Data de \u00eencheiere: 31.01.2023<\/p>\n\n\n\n<p><a href=\"https:\/\/project-emerald.eu\/wp-content\/uploads\/2023\/12\/IO3_e_learning_virtual_plaform_ok_compressed.pdf\" target=\"_blank\" rel=\"noreferrer noopener\">E-Toolkit manual EMERALD<\/a><\/p>\n\n\n\n<h3 class=\"wp-block-heading\"><strong>Produse intelectuale \u2013 IO3<\/strong><\/h3>\n\n\n\n<figure class=\"wp-block-image size-full\"><img loading=\"lazy\" decoding=\"async\" width=\"977\" height=\"419\" src=\"https:\/\/project-emerald.eu\/wp-content\/uploads\/2023\/06\/IO3-1.png\" alt=\"\" class=\"wp-image-400\" srcset=\"https:\/\/project-emerald.eu\/wp-content\/uploads\/2023\/06\/IO3-1.png 977w, https:\/\/project-emerald.eu\/wp-content\/uploads\/2023\/06\/IO3-1-300x129.png 300w, https:\/\/project-emerald.eu\/wp-content\/uploads\/2023\/06\/IO3-1-768x329.png 768w\" sizes=\"auto, (max-width: 977px) 100vw, 977px\" \/><\/figure>\n\n\n\n<p>Principalele obiective ale IO3 sunt realizarea unei platforme de laborator virtual (e-learning) care s\u0103 integreze aplica\u021bii VR\/AR care pot fi accesate de profesori \u0219i studen\u021bi, programarea \u0219i realizarea diferitelor scenarii \u00een VR\/AR\/Realitate mixt\u0103, conceperea diferitelor aplica\u021bii. care poate fi conectat cu AR \/ VR. Aplica\u021biile dezvoltate de profesori \u0219i studen\u021bi vor fi \u00eenc\u0103rcate pe platforma EMERALD.<\/p>\n\n\n\n<p>Tip rezultat: Servicii \/ structuri \u2013 Platform\u0103 de e-learning<\/p>\n\n\n\n<p>Data \u00eenceperii: 01.02.2023<\/p>\n\n\n\n<p>Data \u00eencheierii: 31.07.2023<\/p>\n\n\n\n<div class=\"wp-block-file\"><a id=\"wp-block-file--media-dfb060ef-a973-4d36-b4ac-b2bf7abb51e7\" href=\"https:\/\/project-emerald.eu\/wp-content\/uploads\/2023\/12\/IO3_e_learning_virtual_plaform_30.11.2023_ok_compressed.pdf\" target=\"_blank\" rel=\"noreferrer noopener\">Platforma e-learning de laboratoare virtuale<\/a><a href=\"https:\/\/project-emerald.eu\/wp-content\/uploads\/2023\/12\/IO3_e_learning_virtual_plaform_30.11.2023_ok_compressed.pdf\" class=\"wp-block-file__button wp-element-button\" download aria-describedby=\"wp-block-file--media-dfb060ef-a973-4d36-b4ac-b2bf7abb51e7\">Download<\/a><\/div>\n\n\n\n<h3 class=\"wp-block-heading\"><strong>Produse intelectuale \u2013 IO4<\/strong><\/h3>\n\n\n\n<figure class=\"wp-block-image size-full\"><img loading=\"lazy\" decoding=\"async\" width=\"975\" height=\"417\" src=\"https:\/\/project-emerald.eu\/wp-content\/uploads\/2023\/03\/IO4.png\" alt=\"\" class=\"wp-image-397\" srcset=\"https:\/\/project-emerald.eu\/wp-content\/uploads\/2023\/03\/IO4.png 975w, https:\/\/project-emerald.eu\/wp-content\/uploads\/2023\/03\/IO4-300x128.png 300w, https:\/\/project-emerald.eu\/wp-content\/uploads\/2023\/03\/IO4-768x328.png 768w\" sizes=\"auto, (max-width: 975px) 100vw, 975px\" \/><\/figure>\n\n\n\n<p>Scopul principal al IO4 este implementarea strategiei de comunicare \u0219i diseminare pentru cre\u0219terea gradului de con\u0219tientizare, \u00een\u021belegere \u0219i implicare cu utilizatorii \u0219i grupurile \u021bint\u0103, precum \u0219i 4 studii de caz de sisteme mecatronice biomimetice realizate prin imprimare 3D pentru persoanele cu nevoi speciale.<\/p>\n\n\n\n<p>Tip rezultat: Studii \/ analiz\u0103 \u2013 Studiu de caz<\/p>\n\n\n\n<p>Data \u00eenceperii: 15.02.2022 Data \u00eencheierii: 29.09.2023<\/p>\n\n\n\n<div class=\"wp-block-file\"><a id=\"wp-block-file--media-ec0d677c-aa42-49d4-9d8b-42d69174fed3\" href=\"https:\/\/project-emerald.eu\/wp-content\/uploads\/2023\/11\/EMERALD_IO4_case_study_1_final.pdf\" target=\"_blank\" rel=\"noreferrer noopener\">Studiu de caz 1<\/a><\/div>\n\n\n\n<div class=\"wp-block-file\"><a id=\"wp-block-file--media-b93c4273-4042-47fd-819a-edd6b02899ea\" href=\"https:\/\/project-emerald.eu\/wp-content\/uploads\/2023\/11\/EMERALD_IO4_case_study_2_final.pdf\" target=\"_blank\" rel=\"noreferrer noopener\">Studiu de caz 2<\/a><\/div>\n\n\n\n<div class=\"wp-block-file\"><a id=\"wp-block-file--media-ffa9bda9-bdcd-4260-a002-97c795f0a381\" href=\"https:\/\/project-emerald.eu\/wp-content\/uploads\/2023\/11\/EMERALD_IO4_case_study_3_final.pdf\" target=\"_blank\" rel=\"noreferrer noopener\">Studiu de caz 3<\/a><\/div>\n\n\n\n<div class=\"wp-block-file\"><a id=\"wp-block-file--media-6174a040-e43f-4d3c-b312-26761b19b774\" href=\"https:\/\/project-emerald.eu\/wp-content\/uploads\/2023\/11\/EMERALD_IO4_case_study_4_final.pdf\" target=\"_blank\" rel=\"noreferrer noopener\">Studiu de caz 4<\/a><\/div>\n\n\n\n<div class=\"wp-block-file\"><a id=\"wp-block-file--media-1408e69d-5231-4f17-9086-167282e813b3\" href=\"https:\/\/project-emerald.eu\/wp-content\/uploads\/2024\/06\/EMERALD_IO4_case_study_5-1.pdf\" target=\"_blank\" rel=\"noreferrer noopener\">Studiu de caz 5<\/a><\/div>\n","protected":false},"excerpt":{"rendered":"<p>Produse intelectuale \u2013 IO1 Scopul principal al IO1 este de a oferi curriculumul propus pentru cre\u0219terea aplic\u0103rii rezultatelor cercet\u0103rii \u00een medicina regenerativ\u0103, interfe\u021be om-ma\u0219in\u0103, robotic\u0103 avansat\u0103, noi paradigme \u00een sistemele &#8230;<\/p>\n","protected":false},"author":2,"featured_media":0,"parent":0,"menu_order":0,"comment_status":"closed","ping_status":"closed","template":"","meta":{"footnotes":""},"class_list":["post-49","page","type-page","status-publish","hentry"],"_links":{"self":[{"href":"https:\/\/project-emerald.eu\/index.php?rest_route=\/wp\/v2\/pages\/49","targetHints":{"allow":["GET"]}}],"collection":[{"href":"https:\/\/project-emerald.eu\/index.php?rest_route=\/wp\/v2\/pages"}],"about":[{"href":"https:\/\/project-emerald.eu\/index.php?rest_route=\/wp\/v2\/types\/page"}],"author":[{"embeddable":true,"href":"https:\/\/project-emerald.eu\/index.php?rest_route=\/wp\/v2\/users\/2"}],"replies":[{"embeddable":true,"href":"https:\/\/project-emerald.eu\/index.php?rest_route=%2Fwp%2Fv2%2Fcomments&post=49"}],"version-history":[{"count":17,"href":"https:\/\/project-emerald.eu\/index.php?rest_route=\/wp\/v2\/pages\/49\/revisions"}],"predecessor-version":[{"id":862,"href":"https:\/\/project-emerald.eu\/index.php?rest_route=\/wp\/v2\/pages\/49\/revisions\/862"}],"wp:attachment":[{"href":"https:\/\/project-emerald.eu\/index.php?rest_route=%2Fwp%2Fv2%2Fmedia&parent=49"}],"curies":[{"name":"wp","href":"https:\/\/api.w.org\/{rel}","templated":true}]}}